{"id":634,"date":"2020-11-17T11:35:17","date_gmt":"2020-11-17T09:35:17","guid":{"rendered":"http:\/\/www.icai.ro\/?page_id=634"},"modified":"2025-10-29T13:54:21","modified_gmt":"2025-10-29T11:54:21","slug":"acasa","status":"publish","type":"page","link":"http:\/\/www.icai.ro\/","title":{"rendered":"HOME"},"content":{"rendered":"\n<p><img decoding=\"async\" class=\"wp-image-764\" style=\"width: NaNpx;\" src=\"http:\/\/www.icai.ro\/wp-content\/uploads\/2022\/06\/concurs-ICAI-2022-1.pdf\" alt=\"\"><\/p>\n\n\n\n<h1 class=\"wp-block-heading has-text-align-center has-vivid-cyan-blue-background-color has-background\"><strong><mark style=\"background-color:rgba(0, 0, 0, 0)\" class=\"has-inline-color has-white-color\">&#8222;Constantin Angelescu&#8221; <\/mark><\/strong><br><strong><mark style=\"background-color:rgba(0, 0, 0, 0)\" class=\"has-inline-color has-white-color\">Institute <\/mark><\/strong><strong><mark style=\"background-color:rgba(0, 0, 0, 0)\" class=\"has-inline-color has-white-color\">for Advanced Interdisciplinary Research<\/mark><\/strong><\/h1>\n\n\n\n<p class=\"has-text-align-center\"><img loading=\"lazy\" decoding=\"async\" width=\"150\" height=\"149\" class=\"wp-image-604\" style=\"width: 150px;\" src=\"http:\/\/www.icai.ro\/wp-content\/uploads\/2020\/11\/aosr_sigla.jpg\" alt=\"\"> <img loading=\"lazy\" decoding=\"async\" width=\"150\" height=\"161\" class=\"wp-image-538\" style=\"width: 150px;\" src=\"http:\/\/www.icai.ro\/wp-content\/uploads\/2020\/11\/icai.jpg\" alt=\"Institutului de Cercet\u0103ri Avansate Interdisciplinare \u201eConstantin Angelescu\u201d\"><br><br><\/p>\n\n\n\n<h2 class=\"wp-block-heading\"><strong><mark style=\"background-color:rgba(0, 0, 0, 0)\" class=\"has-inline-color has-vivid-cyan-blue-color\">Brief mission statement <\/mark><\/strong><\/h2>\n\n\n\n<p class=\"has-medium-font-size\">&#8222;Constantin Angelescu&#8221; Institute for Advanced Interdisciplinary Research &#8211; ICAI <strong>mission<\/strong>&nbsp;is to build, connect, and share knowledge by developing innovative, multidisciplinary research in fields that are fundamental to the progress of people and society. We foster open, critical, and creative collaboration between the exact sciences, social sciences, humanities, arts, and technology.<\/p>\n\n\n\n<h2 class=\"wp-block-heading\"><mark style=\"background-color:rgba(0, 0, 0, 0)\" class=\"has-inline-color has-vivid-cyan-blue-color\"><strong>Vision<\/strong>&nbsp;and <strong>Strategic objectives<\/strong><\/mark><mark style=\"background-color:rgba(0, 0, 0, 0)\" class=\"has-inline-color has-pale-cyan-blue-color\">&nbsp;&nbsp;<\/mark><\/h2>\n\n\n\n<ul class=\"wp-block-list has-medium-font-size\">\n<li><strong>Vision<\/strong>&nbsp;&#8211; The ambition of the &#8222;Constantin Angelescu&#8221; Institute for Advanced Interdisciplinary Research is to establish itself as a centre of intellectual innovation and scientific excellence where creative ideas arise at the confluence of disciplines and enable to create a society that is informed, justly, and sustainable.<\/li>\n<\/ul>\n\n\n\n<ul class=\"wp-block-list has-medium-font-size\">\n<li><strong>Strategic objectives:<\/strong>&nbsp;<br><br><strong><em><strong><em>Expanding the field of frontier research<\/em><\/strong><\/em><\/strong>&nbsp;&#8211; encouraging creative scientific actions that have implications for theory and practice by bringing together experts from a variety of disciplines, including anthropology, physics, biology, economics, artificial intelligence, and ethics.<br><br><strong>Developing an ecosystem of transdisciplinary collaboration<\/strong>&nbsp;&#8211; promoting communication among academics, engineers, experts, artists, professors, and decision-makers to produce new ways of thinking and acting.<br><br><strong>Societal openness <\/strong>&#8211; knowledge dissemination via public debates, publications, digital communities, and active participation in exchanges of ideas about national and international interest.<br><br><strong>Infrastructure and sustainable partnerships<\/strong>&nbsp;&#8211; building of a leading-edge research hub with links to global academic networks and collaborations with academic institutions, universities, the public sector, and the creative industries.<\/li>\n<\/ul>\n\n\n\n<h2 class=\"wp-block-heading\"><strong><mark style=\"background-color:rgba(0, 0, 0, 0)\" class=\"has-inline-color has-vivid-cyan-blue-color\">Upcoming events\/calls<\/mark><\/strong><\/h2>\n\n\n\n<ul class=\"wp-block-list\">\n<li class=\"has-medium-font-size\"><a href=\"http:\/\/www.icai.ro\/?page_id=770\"> http:\/\/www.icai.ro\/?page_id=770&nbsp;&nbsp;<\/a><\/li>\n<\/ul>\n\n\n\n<h2 class=\"wp-block-heading\"><mark style=\"background-color:rgba(0, 0, 0, 0)\" class=\"has-inline-color has-vivid-cyan-blue-color\">News<\/mark><\/h2>\n\n\n\n<p><br>&#8230;&#8230;&#8230;&#8230;&#8230;&#8230;&#8230;&#8230;&#8230;&#8230;&#8230;&#8230;&#8230;&#8230;&#8230;&#8230;&#8230;&#8230;&#8230;&#8230;&#8230;&#8230;&#8230;&#8230;&#8230;&#8230;&#8230;&#8230;&#8230;&#8230;&#8230;&#8230;&#8230;&#8230;&#8230;&#8230;&#8230;&#8230;&#8230;&#8230;&#8230;&#8230;&#8230;&#8230;&#8230;&#8230;&#8230;&#8230;&#8230;&#8230;&#8230;&#8230;&#8230;&#8230;&#8230;&#8230;&#8230;&#8230;&#8230;&#8230;&#8230;&#8230;&#8230;&#8230;&#8230;&#8230;&#8230;&#8230;&#8230;&#8230;&#8230;&#8230;&#8230;&#8230;&#8230;&#8230;&#8230;&#8230;&#8230;&#8230;&#8230;&#8230;&#8230;&#8230;&#8230;&#8230;&#8230;&#8230;&#8230;&#8230;&#8230;&#8230;&#8230;&#8230;&#8230;&#8230;&#8230;&#8230;&#8230;&#8230;&#8230;&#8230;&#8230;&#8230;&#8230;&#8230;&#8230;&#8230;&#8230;&#8230;&#8230;&#8230;&#8230;&#8230;&#8230;&#8230;&#8230;&#8230;&#8230;&#8230;&#8230;&#8230;&#8230;&#8230;&#8230;&#8230;&#8230;&#8230;&#8230;&#8230;&#8230;&#8230;&#8230;&#8230;&#8230;&#8230;&#8230;&#8230;&#8230;<\/p>\n\n\n\n<p><a href=\"http:\/\/www.icai.ro\/?page_id=770\">Concurs <\/a><\/p>\n\n\n\n<p class=\"has-text-align-center\"><strong>Institutul de Cercet\u0103ri Avansate Interdisciplinare \u201eConstantin Angelescu\u201d (ICAI)<\/strong>&nbsp;a fost constituit \u00een temeiul prevederilor Legii nr. 31\/2007 privind reorganizarea \u0219i func\u021bionarea Academiei Oamenilor de \u0218tiin\u021b\u0103 din Rom\u00e2nia, HG nr.641\/2007 pentru aprobarea Statutului Academiei Oamenilor de \u0218tiin\u021b\u0103 din Rom\u00e2nia, Hot\u0103r\u00e2rii Adun\u0103rii Generale a Academiei Oamenilor de \u0218tiin\u021b\u0103 din Rom\u00e2nia din 18.12.2017<\/p>\n\n\n\n<p class=\"has-text-align-center\">Institutul de Cercet\u0103ri Avansate Interdisciplinare \u201eConstantin Angelescu\u201d&nbsp;este institu\u021bie de drept public, cu personalitate juridic\u0103, parte a sistemului na\u021bional de cercetare dezvoltare, \u00een subordinea Academiei Oamenilor de \u0218tiin\u021b\u0103 din Rom\u00e2nia.<\/p>\n\n\n\n<p class=\"has-text-align-center\">ICAI are drept&nbsp;<strong>scop<\/strong>&nbsp;dezvoltarea \u0219tiin\u021belor fundamentale \u0219i aplicate prin cercet\u0103ri inter-trans- \u0219i multidisciplinare, prin producere \u0219i transfer de cunoa\u0219tere \u0219tiin\u021bific\u0103 la nivel academic.<\/p>\n\n\n\n<p class=\"has-text-align-center\">ICAI are drept&nbsp;<strong>obiective<\/strong>&nbsp;reprezentarea la nivel na\u021bional a unor domenii de activitate \u0219tiin\u021bific\u0103, afilierea la uniunile \u0219tiin\u021bifice interna\u021bionale \u0219i coordonarea unor programe \u0219tiin\u021bifice interna\u021bionale.<\/p>\n\n\n\n<p class=\"has-text-align-center\">&nbsp;ICAI are drept&nbsp;<strong>misiune<\/strong>&nbsp;dezvoltarea \u0219tiin\u021belor fundamentale \u0219i aplicate prin cercet\u0103ri multidisciplinare \u0219i promovarea transferului de cunoa\u0219tere \u0219tiin\u021bific\u0103 c\u0103tre \u00eenv\u0103\u021b\u0103m\u00e2nt, cultur\u0103 \u0219i mediul economic.<\/p>\n\n\n\n<p><\/p>\n\n\n\n<p class=\"has-text-align-center\">Institutul este structurat \u00een dou\u0103 departamente:&nbsp;<strong>Departamentul cercetare-dezvoltare \u0219i Departamentul formare continu\u0103 \u0219i consultan\u021b\u0103.<\/strong><\/p>\n\n\n\n<p><\/p>\n","protected":false},"excerpt":{"rendered":"<p>&#8222;Constantin Angelescu&#8221; Institute for Advanced Interdisciplinary Research Brief mission statement &#8222;Constantin Angelescu&#8221; Institute for Advanced Interdisciplinary Research &#8211; ICAI mission&nbsp;is to build, connect, and share knowledge by developing innovative, multidisciplinary research in fields that are fundamental to the progress of people and society. We foster open, critical, and creative collaboration between the exact sciences, social [&hellip;]<\/p>\n","protected":false},"author":1,"featured_media":535,"parent":0,"menu_order":0,"comment_status":"closed","ping_status":"closed","template":"","meta":{"footnotes":""},"class_list":["post-634","page","type-page","status-publish","has-post-thumbnail","hentry"],"_links":{"self":[{"href":"http:\/\/www.icai.ro\/index.php?rest_route=\/wp\/v2\/pages\/634","targetHints":{"allow":["GET"]}}],"collection":[{"href":"http:\/\/www.icai.ro\/index.php?rest_route=\/wp\/v2\/pages"}],"about":[{"href":"http:\/\/www.icai.ro\/index.php?rest_route=\/wp\/v2\/types\/page"}],"author":[{"embeddable":true,"href":"http:\/\/www.icai.ro\/index.php?rest_route=\/wp\/v2\/users\/1"}],"replies":[{"embeddable":true,"href":"http:\/\/www.icai.ro\/index.php?rest_route=%2Fwp%2Fv2%2Fcomments&post=634"}],"version-history":[{"count":14,"href":"http:\/\/www.icai.ro\/index.php?rest_route=\/wp\/v2\/pages\/634\/revisions"}],"predecessor-version":[{"id":866,"href":"http:\/\/www.icai.ro\/index.php?rest_route=\/wp\/v2\/pages\/634\/revisions\/866"}],"wp:featuredmedia":[{"embeddable":true,"href":"http:\/\/www.icai.ro\/index.php?rest_route=\/wp\/v2\/media\/535"}],"wp:attachment":[{"href":"http:\/\/www.icai.ro\/index.php?rest_route=%2Fwp%2Fv2%2Fmedia&parent=634"}],"curies":[{"name":"wp","href":"https:\/\/api.w.org\/{rel}","templated":true}]}}