{"id":581,"date":"2020-11-12T15:51:27","date_gmt":"2020-11-12T13:51:27","guid":{"rendered":"http:\/\/www.icai.ro\/?page_id=581"},"modified":"2025-10-29T13:00:32","modified_gmt":"2025-10-29T11:00:32","slug":"despre-noi","status":"publish","type":"page","link":"http:\/\/www.icai.ro\/?page_id=581","title":{"rendered":"ABOUT US"},"content":{"rendered":"\n<p class=\"has-text-align-center\"><strong>Academia Oamenilor de \u015etiin\u0163\u0103 din Rom\u00e2nia<\/strong><\/p>\n\n\n\n<p class=\"has-text-align-center\"><img loading=\"lazy\" decoding=\"async\" width=\"200\" height=\"177\" class=\"wp-image-547\" style=\"width: 200px;\" src=\"http:\/\/www.icai.ro\/wp-content\/uploads\/2020\/11\/icai_logo.jpg\" alt=\"\"><\/p>\n\n\n\n<p class=\"has-text-align-center\"><strong>Institutul de Cercet\u0103ri Avansate Interdisciplinare\u201eConstantin Angelescu\u201c<\/strong><\/p>\n\n\n\n<h2 class=\"wp-block-heading\"><strong><mark style=\"background-color:rgba(0, 0, 0, 0)\" class=\"has-inline-color has-vivid-cyan-blue-color\">History of the Institute<\/mark> <\/strong><\/h2>\n\n\n\n<p class=\"has-medium-font-size\">The &#8222;Constantin Angelescu&#8221; Institute for Advanced Interdisciplinary Research was established in<strong>&nbsp;2018<\/strong>&nbsp;as an academic structure for advanced research, with the aim of promoting scientific excellence and interdisciplinary collaboration among researchers from Romania and abroad.<\/p>\n\n\n\n<p class=\"has-medium-font-size\">ICAI continues the research and development activity of the AOSR Advanced Research Center and is also involved in the valorization of the results of scientific research funded by the Academy.<\/p>\n\n\n\n<h2 class=\"wp-block-heading\"><strong><mark style=\"background-color:rgba(0, 0, 0, 0)\" class=\"has-inline-color has-vivid-cyan-blue-color\">Director\u2019s Message<\/mark><\/strong><\/h2>\n\n\n\n<p class=\"has-medium-font-size\">In a world that is continuously evolving and where global challenges grow more complex and interconnected, conducting interdisciplinary research has transformed from being optional to absolutely necessary. Our research institute was born from being fully convinced that only through dialogue between different fields \u2013 exact sciences, social sciences, humanities, technology \u2013 can we understand and shape the world of tomorrow.<\/p>\n\n\n\n<p class=\"has-medium-font-size\">Researchers from recognised academic institutions come together through ICAI, which offers a vibrant environment for cooperation, creativity, and scientific achievement. We fund initiatives that cut across conventional academic lines, foster the education of the next generation of researchers, and create connections between public policy, society, and science.<\/p>\n\n\n\n<p class=\"has-medium-font-size\">I invite you to learn more about our work, explore our initiatives, and, most importantly, join the open, rigorous, and visionary community of ideas and principles that ICAI forwards.<\/p>\n\n\n\n<h2 class=\"wp-block-heading\"><strong><mark style=\"background-color:rgba(0, 0, 0, 0)\" class=\"has-inline-color has-vivid-cyan-blue-color\">Institutional structure<\/mark><\/strong><\/h2>\n\n\n\n<figure class=\"wp-block-image size-large\"><img loading=\"lazy\" decoding=\"async\" width=\"1024\" height=\"768\" src=\"http:\/\/www.icai.ro\/wp-content\/uploads\/2025\/10\/Institutional-Structure-1024x768.jpg\" alt=\"\" class=\"wp-image-845\" srcset=\"http:\/\/www.icai.ro\/wp-content\/uploads\/2025\/10\/Institutional-Structure-1024x768.jpg 1024w, http:\/\/www.icai.ro\/wp-content\/uploads\/2025\/10\/Institutional-Structure-300x225.jpg 300w, http:\/\/www.icai.ro\/wp-content\/uploads\/2025\/10\/Institutional-Structure-768x576.jpg 768w, http:\/\/www.icai.ro\/wp-content\/uploads\/2025\/10\/Institutional-Structure-513x385.jpg 513w, http:\/\/www.icai.ro\/wp-content\/uploads\/2025\/10\/Institutional-Structure-272x204.jpg 272w, http:\/\/www.icai.ro\/wp-content\/uploads\/2025\/10\/Institutional-Structure.jpg 1034w\" sizes=\"auto, (max-width: 1024px) 100vw, 1024px\" \/><\/figure>\n\n\n\n<figure class=\"wp-block-image size-large\"><img loading=\"lazy\" decoding=\"async\" width=\"1024\" height=\"762\" src=\"http:\/\/www.icai.ro\/wp-content\/uploads\/2025\/10\/Institutional-Structure-2-1024x762.jpg\" alt=\"\" class=\"wp-image-846\" srcset=\"http:\/\/www.icai.ro\/wp-content\/uploads\/2025\/10\/Institutional-Structure-2-1024x762.jpg 1024w, http:\/\/www.icai.ro\/wp-content\/uploads\/2025\/10\/Institutional-Structure-2-300x223.jpg 300w, http:\/\/www.icai.ro\/wp-content\/uploads\/2025\/10\/Institutional-Structure-2-768x572.jpg 768w, http:\/\/www.icai.ro\/wp-content\/uploads\/2025\/10\/Institutional-Structure-2-517x385.jpg 517w, http:\/\/www.icai.ro\/wp-content\/uploads\/2025\/10\/Institutional-Structure-2-274x204.jpg 274w, http:\/\/www.icai.ro\/wp-content\/uploads\/2025\/10\/Institutional-Structure-2.jpg 1036w\" sizes=\"auto, (max-width: 1024px) 100vw, 1024px\" \/><\/figure>\n\n\n\n<h2 class=\"wp-block-heading\"><strong><mark style=\"background-color:rgba(0, 0, 0, 0)\" class=\"has-inline-color has-vivid-cyan-blue-color\">AOSR affiliation<\/mark><\/strong><\/h2>\n\n\n\n<p class=\"has-medium-font-size\">Operating under the aegis of the <a href=\"https:\/\/www.aosr.ro\/en\/\"><u>Academy of Romanian Scientists<\/u>\u00a0<\/a>(AOSR) \u2013 an institution with legal status and a consolidated scientific tradition of over 80 years \u2013 the Institute benefits from a strategic positioning in the national and international research landscape.<\/p>\n\n\n\n<p class=\"has-medium-font-size\">Affiliation with AOSR gives the Institute multiple essential advantages:<\/p>\n\n\n\n<ul class=\"wp-block-list\">\n<li class=\"has-medium-font-size\">Legitimacy and academic acknowledgement via membership in a reputable, legally recognised Romanian institution<\/li>\n\n\n\n<li class=\"has-medium-font-size\">Direct access to a world-class scientific community composed of distinguished experts in every scientific subject who are full and corresponding members of AOSR<\/li>\n\n\n\n<li class=\"has-medium-font-size\">Assisting in the advancement of innovative research initiatives in complex and multidisciplinary subject areas, in accordance with significant national and European research agendas<\/li>\n\n\n\n<li class=\"has-medium-font-size\">The potential for sharing the network of academic and institutional partners as well as the current infrastructure throughout AOSR<\/li>\n\n\n\n<li class=\"has-medium-font-size\">Opportunities for research findings to be published and shared through conferences and scientific journals hosted by AOSR<\/li>\n\n\n\n<li class=\"has-medium-font-size\">Integration into global networks of scientific interaction, via AOSR collaborations with institutions and academies in Asia, North America, and Europe<\/li>\n<\/ul>\n\n\n\n<p>&#8230;&#8230;&#8230;&#8230;&#8230;&#8230;&#8230;&#8230;&#8230;&#8230;&#8230;&#8230;&#8230;&#8230;&#8230;&#8230;&#8230;&#8230;&#8230;&#8230;&#8230;&#8230;&#8230;&#8230;&#8230;&#8230;&#8230;&#8230;&#8230;&#8230;&#8230;&#8230;&#8230;&#8230;&#8230;&#8230;&#8230;&#8230;&#8230;&#8230;&#8230;&#8230;&#8230;&#8230;&#8230;&#8230;&#8230;&#8230;&#8230;&#8230;&#8230;&#8230;&#8230;&#8230;&#8230;&#8230;&#8230;&#8230;&#8230;&#8230;&#8230;&#8230;&#8230;&#8230;&#8230;&#8230;&#8230;&#8230;&#8230;&#8230;&#8230;&#8230;&#8230;&#8230;&#8230;&#8230;&#8230;&#8230;&#8230;&#8230;<\/p>\n\n\n\n<p><strong>Institutul de Cercet\u0103ri Avansate Interdisciplinare \u201eConstantin Angelescu\u201c <\/strong>continu\u0103 activitatea de cercetare-dezvoltare a Centrului de Cercet\u0103ri Avansate al AOSR \u0219i deopotriv\u0103, este implicat \u00een valorificarea rezultatelor cercet\u0103rilor \u0219tiin\u021bifice finan\u021bate de Academie.<\/p>\n\n\n\n<p><strong>Misiune: <\/strong>dezvoltarea \u0219tiin\u021belor fundamentale \u0219i aplicate prin cercet\u0103ri multidisciplinare \u0219i promovarea transferului de cunoa\u0219tere \u0219tiin\u021bific\u0103 c\u0103tre \u00eenv\u0103\u021b\u0103m\u00e2nt, cultur\u0103 \u0219i mediul economic.<\/p>\n\n\n\n<p><strong>Obiectivele urm\u0103rite \u00een acord cu misiunea:<\/strong><\/p>\n\n\n\n<ul class=\"wp-block-list\">\n<li>instrument-cadru \u0219tiin\u021bific care s\u0103 promoveze, sus\u021bin\u0103 \u0219i valorifice cercet\u0103rile fundamentale, aplicate, de ni\u0219\u0103 sau interdis\u00adciplinare ale membrilor AOSR \u00een cooperare \u0219i colaborare cu institu\u021bii similare din \u021bara \u0219i str\u0103in\u0103tate prin intermediul unor pro\u00adgrame \u0219i proiecte vizionare \u00een acord cu tendin\u021bele mondiale ale dome\u00adniilor sale de competent\u0103;\u00a0<\/li>\n\n\n\n<li>\u201cpoint of single contact\u201d pentru cooper\u0103ri \u0219i colabor\u0103ri \u00eentre institu\u021bii de cercetare-dezvoltare, universit\u0103\u021bi, mediu de afaceri \u0219i sistemele de finan\u021bare \u00een scopul facilit\u0103rii construirii de pro\u00adgrame \u0219i proiecte de larg interes \u0219tiin\u021bific \u0219i economic;<\/li>\n\n\n\n<li>component\u0103 stabil\u0103 \u0219i func\u021bional\u0103 de cercetare-dezvoltare \u00een sistemul na\u021bional de cercetare \u0219i \u00een re\u021belele interna\u021bionale pe diferite domenii de competent\u0103.<\/li>\n\n\n\n<li>consultan\u021b\u0103 \u0219i formare continu\u0103 pentru agen\u021bi economici \u0219i entit\u0103\u021bi culturale <\/li>\n<\/ul>\n\n\n\n<p><strong>Institutul, prin afilierea sa, beneficiaz\u0103 de reale avantaje:<\/strong><\/p>\n\n\n\n<p>&#8211;&nbsp;func\u021bionarea sub egida AOSR, entitate constituit\u0103 prin lege, cu o tradi\u021bie de peste 80 de ani;<\/p>\n\n\n\n<p>&#8211;&nbsp;posibilitatea cooper\u0103rii directe cu speciali\u0219ti de \u00eenalt nivel \u0219tiin\u021bific &#8211; membrii ai AOSR;<\/p>\n\n\n\n<p>&#8211;&nbsp;posibilitatea dezvolt\u0103rii de proiecte \u00een direc\u021bii de v\u00e2rf \u00een toate domeniile \u0219tiin\u021bifice;<\/p>\n\n\n\n<p>&#8211;&nbsp;utilizarea \u00een comun a infrastructurii func\u021bionale a AOSR \u2013 \u0219i\/sau a partenerilor asocia\u021bi.<\/p>\n\n\n\n<p><strong>Componenta organizatoric\u0103<\/strong><\/p>\n\n\n\n<p>Institutul func\u021bioneaz\u0103 prin dou\u0103 departamente care cuprind cercet\u0103tori cu \u00eenalt\u0103 competen\u021b\u0103 \u0219tiin\u021bific\u0103:<\/p>\n\n\n\n<ul class=\"wp-block-list\">\n<li>Departamentul cercetare-dezvoltare \u00a0are ca obiectiv general realizarea de proiecte de cercetare dezvoltare, at\u00e2t la nivel de specializ\u0103ri de ni\u0219\u0103 c\u00e2t \u0219i interdisciplinare.<\/li>\n\n\n\n<li>Departamentul formare continu\u0103 \u0219i consultan\u021b\u0103, orientat catre activit\u0103\u021bi online (Departamentul Elearning) are ca obiectiv principal \u00a0promovarea \u0219i dezvoltarea de cursuri de perfec\u021bionare \u0219i asigurarea serviciilor\/contractelor de consultan\u021b\u0103 la cerere.<\/li>\n<\/ul>\n\n\n\n<p class=\"has-text-align-center\"><strong>Date de contact:<\/strong><\/p>\n\n\n\n<p class=\"has-text-align-center\">Tel. 00-4031\/107 .06.59;<\/p>\n\n\n\n<p class=\"has-text-align-center\">Fax. 00-4021\/314.75.39,<\/p>\n\n\n\n<p class=\"has-text-align-center\">Web-site: www.aosr.ro, E-mail: <em>icai@aosr.ro<\/em><\/p>\n\n\n\n<p class=\"has-text-align-center\"><strong>Adresa:<\/strong><\/p>\n\n\n\n<p class=\"has-text-align-center\">Bucure\u0219ti, Str. Ilfov nr.3, &nbsp;sector 5, Rom\u00e2nia<\/p>\n","protected":false},"excerpt":{"rendered":"<p>Academia Oamenilor de \u015etiin\u0163\u0103 din Rom\u00e2nia Institutul de Cercet\u0103ri Avansate Interdisciplinare\u201eConstantin Angelescu\u201c History of the Institute The &#8222;Constantin Angelescu&#8221; Institute for Advanced Interdisciplinary Research was established in&nbsp;2018&nbsp;as an academic structure for advanced research, with the aim of promoting scientific excellence and interdisciplinary collaboration among researchers from Romania and abroad. ICAI continues the research and development [&hellip;]<\/p>\n","protected":false},"author":1,"featured_media":0,"parent":0,"menu_order":0,"comment_status":"closed","ping_status":"closed","template":"","meta":{"footnotes":""},"class_list":["post-581","page","type-page","status-publish","hentry"],"_links":{"self":[{"href":"http:\/\/www.icai.ro\/index.php?rest_route=\/wp\/v2\/pages\/581","targetHints":{"allow":["GET"]}}],"collection":[{"href":"http:\/\/www.icai.ro\/index.php?rest_route=\/wp\/v2\/pages"}],"about":[{"href":"http:\/\/www.icai.ro\/index.php?rest_route=\/wp\/v2\/types\/page"}],"author":[{"embeddable":true,"href":"http:\/\/www.icai.ro\/index.php?rest_route=\/wp\/v2\/users\/1"}],"replies":[{"embeddable":true,"href":"http:\/\/www.icai.ro\/index.php?rest_route=%2Fwp%2Fv2%2Fcomments&post=581"}],"version-history":[{"count":6,"href":"http:\/\/www.icai.ro\/index.php?rest_route=\/wp\/v2\/pages\/581\/revisions"}],"predecessor-version":[{"id":847,"href":"http:\/\/www.icai.ro\/index.php?rest_route=\/wp\/v2\/pages\/581\/revisions\/847"}],"wp:attachment":[{"href":"http:\/\/www.icai.ro\/index.php?rest_route=%2Fwp%2Fv2%2Fmedia&parent=581"}],"curies":[{"name":"wp","href":"https:\/\/api.w.org\/{rel}","templated":true}]}}