{"id":260,"date":"2016-06-08T12:35:35","date_gmt":"2016-06-08T12:35:35","guid":{"rendered":"https:\/\/demo.accesspressthemes.com\/enlighten\/checkout\/"},"modified":"2021-04-06T08:45:43","modified_gmt":"2021-04-06T06:45:43","slug":"checkout","status":"publish","type":"page","link":"http:\/\/www.icai.ro\/?page_id=260","title":{"rendered":"Cursuri"},"content":{"rendered":"<p style=\"text-align: center;\"><strong>PROGRAM SPECIALIZARE<\/strong><\/p>\n<p style=\"text-align: center;\"><strong>Dezvoltator de E-Learning<\/strong><\/p>\n<p><strong>\u00a0<\/strong>Institutul de Cercet\u0103ri Avansate Interdisciplinare subordonat Academiei Oamenilor de \u0218tiin\u021b\u0103 din Rom\u00e2nia este organizatorul programului de specializare pentru ocupa\u021bia Dezvoltator de E-learning, program autorizat de Comisia de Autorizare a Furnizorilor de Formare Profesional\u0103 a Adul\u021bilor a Municipiului Bucure\u015fti (Autoriza\u021bie \u2013 seria B nr. 0012732).<\/p>\n<p>Dezvoltatorul de e-learning este un specialist \u00een educa\u0163ie \u015fi formare profesional\u0103 care folose\u0219te tehnologia informa\u021biei \u0219i comunica\u021biei (TIC), c\u00e2t \u0219i strategii \u0219i metode de predare-\u00eenv\u0103\u021bare specifice programelor de \u00eenv\u0103\u021bare la distan\u021b\u0103. Dezvoltatorul de e-learning este o ocupa\u021bie certificat\u0103 \u00een Romania (Codul Ocupa\u021biilor din Rom\u00e2nia \u2013 235905) ale c\u0103rui competen\u021be sunt formate \u0219i dezvoltate prin programe de formare continu\u0103 organizate de furnizori publici sau priva\u021bi.<\/p>\n<p>Acest program de specializare este una dintre activit\u0103\u021bile importante ale Departamentului de E-learning (DeL) lansat \u00een anul 2020 \u00een cadrul Institututul de Cercet\u0103ri Avansate Interdisciplinare. Ideea pentru acest departament s-a n\u0103scut pe parcursul derul\u0103rii proiectului editorial \u201cEduca\u021bia prin E-learning\u201d, proiect care s-a finalizat prin publicarea c\u0103r\u021bii \u201cEduca\u021bia prin E-learning\u201d care \u00eei are ca autori pe prof.univ.dr. Doina Banciu, conf.univ.dr. Ben-Oni Ardelean, conf.univ.dr. Larisa Iva\u0219cu \u0219i lect.univ.dr. Daniel Fodorean.<\/p>\n<p><strong>MOTTO <\/strong><\/p>\n<p>\u00cenv\u0103\u021b\u0103m online, despre \u00eenv\u0103\u021barea online, pentru a preda online.<\/p>\n<p><strong>SCOPUL PROGRAMULUI<\/strong><\/p>\n<p>Acest program preg\u0103tea\u0219te profesori \u0219i traineri competen\u021bi pentru predare \u0219i formare profesional\u0103 specializat\u0103 prin intermediul noile tehnologii ale informa\u021biei \u0219i comunica\u021biei.<\/p>\n<p><strong>PUBLIC-\u021aINT\u0102<\/strong><\/p>\n<p>Programul se adreseaz\u0103 tuturor cadrelor didactice din \u00eenv\u0103\u021b\u0103m\u00e2ntul preuniversitar \u0219i universitar, speciali\u0219tilor \u00een formare \u0219i educa\u021bie, precum \u0219i altor persoane interesate de crearea \u0219i gestionarea programelor de \u00eenv\u0103\u021bare online, inclusiv programe de training pentru personalul unei companii.<\/p>\n<p><strong>ECHIP\u0102 &#8211; FORMATORI \u0218I SPECIALI\u0218TI INVITA\u021aI<\/strong><\/p>\n<p><img loading=\"lazy\" decoding=\"async\" class=\"size-full wp-image-701 aligncenter\" src=\"http:\/\/www.icai.ro\/wp-content\/uploads\/2020\/11\/banciu_doina.jpg\" alt=\"\" width=\"257\" height=\"283\" \/><\/p>\n<p><strong>Doina Banciu<\/strong> &#8211; Director General Institutul de Cercet\u0103ri Avansate Interdisciplinare<\/p>\n<p><strong>Vicepre\u0219edinte Academia Oamenilor de \u0218tiin\u021b\u0103 din Rom\u00e2nia, <\/strong>Profesor universitar, coordonator doctorate, vicepre\u0219edintele Academiei Oamenilor de \u0218tiin\u021b\u0103 din Rom\u00e2nia, a condus timp de 15 ani Institutul Na\u021bional de Cercetare-Dezvoltare \u00een Informatic\u0103 din Rom\u00e2nia (ICI), autor a mai multor lucr\u0103ri \u00een domeniu.<\/p>\n<p><img loading=\"lazy\" decoding=\"async\" class=\"size-full wp-image-700 aligncenter\" src=\"http:\/\/www.icai.ro\/wp-content\/uploads\/2020\/11\/fodorean_daniel.jpg\" alt=\"\" width=\"231\" height=\"242\" \/><\/p>\n<p><strong>Daniel Fodorean<\/strong> &#8211; Coordonator Program \u201eDezvoltator de E-learning\u201d<\/p>\n<p>Lector universitar, cadru didactic asociat \u00een \u00eenv\u0103\u021b\u0103m\u00e2ntul la distan\u021b\u0103 din SUA, a coordonat timp de \u0219apte ani un program de \u00eenv\u0103\u021b\u0103m\u00e2nt la distan\u021b\u0103 \u00een \u00eenv\u0103\u021b\u0103m\u00e2ntul superior din Rom\u00e2nia, coautor al c\u0103r\u021bii \u201cEduca\u021bia prin e-learning\u201c.<\/p>\n<p><img loading=\"lazy\" decoding=\"async\" class=\"size-full wp-image-719 aligncenter\" src=\"http:\/\/www.icai.ro\/wp-content\/uploads\/2020\/11\/ardelean_ben-oni.jpg\" alt=\"\" width=\"191\" height=\"273\" \/><\/p>\n<p><strong>Ben-Oni Ardelean<\/strong> \u2013 conferen\u021biar universitar, deputat, a \u00eenfiin\u021bat \u0219i coordonat timp de \u0219apte ani un program de \u00eenv\u0103\u021b\u0103m\u00e2nt la distan\u021b\u0103 \u00een \u00eenv\u0103\u021b\u0103m\u00e2ntul superior din Rom\u00e2nia, coautor al c\u0103r\u021bii \u201cEduca\u021bia prin e-learning\u201c.<\/p>\n<p><img loading=\"lazy\" decoding=\"async\" class=\"size-full wp-image-698 aligncenter\" src=\"http:\/\/www.icai.ro\/wp-content\/uploads\/2020\/11\/ivascu_larisa.jpg\" alt=\"\" width=\"251\" height=\"272\" \/><\/p>\n<p><strong>Larisa Iva\u0219cu<\/strong> \u2013 conferen\u021biar universitar, <a href=\"http:\/\/www.mpt.upt.ro\/cercetare\/centrul-de-cercetare\/colectivul-de-cercetare.html\" target=\"_blank\" rel=\"noopener noreferrer\">Directorul Centrului de Cercet\u0103ri \u00een Inginerie \u0219i Management<\/a>, pre\u0219edintele comisiei didactice la nivelul facult\u0103\u021bii, coautor al c\u0103r\u021bii \u201cEduca\u021bia prin e-learning\u201c.<\/p>\n<p><strong>Dumitru Popescu<\/strong>, profesor universitar dr. ing., Universitatea Politehnic\u0103 din Bucure\u0219ti, membru corespondent al Academiei Oamenilor de \u0218tiin\u021b\u0103, autor a mai multor lucr\u0103ri de specialitate<\/p>\n<p><strong>Razvan Rughinis<\/strong> \u2013 profesor universitar dr. ing., Universitatea Politehnic\u0103 din Bucure\u0219ti, membru asociat al Academiei Oamenilor de \u0218tiin\u021b\u0103, autor a mai multor lucr\u0103ri de specialitate<\/p>\n<p><strong>Victor Vevera<\/strong> \u2013 Dr. ing., director general Institutul Na\u021bional de Cercetare-Dezvoltare \u00een Informatic\u0103, specialist \u00een securitate cibernetic\u0103<\/p>\n<p><strong>Mireille R\u0103doi<\/strong> \u2013 conferen\u021biar universitar, director general Biblioteca Central\u0103 Universitar\u0103 Carol I, experien\u021b\u0103 \u00een administrare biblioteci<\/p>\n<p><strong>Carmen C\u00eernu<\/strong> \u2013 director general al Institutului Na\u021bional de Studii \u0219i Cercet\u0103ri \u00een Comunica\u021bii (INSCC), specialist \u00een e-learning<\/p>\n<p><strong>COMPETEN\u021aE \u0218I STRUCTUR\u0102 <\/strong><\/p>\n<p>Programul se focalizeaz\u0103 pe dezvoltarea urm\u0103toarelor competen\u021belor specifice:<\/p>\n<ul>\n<li>Implementarea standardelor de calitate specifice domeniului;<\/li>\n<li>Integrarea TIC \u00een educa\u021bie \u0219i formare;<\/li>\n<li>Analiza nevoilor de e-learning;<\/li>\n<li>Implementarea politicilor de e-learning;<\/li>\n<li>Managementul programelor de educa\u021bie\/formare prin e-learning la nivelul organiza\u021biei;<\/li>\n<li>Dezvoltarea con\u021binutului \u0219i materialelor suport pentru sistemele de educ\u021bie\/ formare prin e-learning (LMS \u2013 Learning Management System)<\/li>\n<li>Evaluarea programelor de educ\u021bie\/ formare prin e-learning.<\/li>\n<\/ul>\n<p>Competen\u021bele specifice ocupa\u021biei dezvoltatorului de e-learning vor fi transferate cursantului prin intermediul celor <strong>\u0219ase module tematice<\/strong> intensive care compun structura teoretic\u0103 a programului \u0219i prin intermediul <strong>aplica\u021biilor practice<\/strong>, sec\u021biune care reprezint\u0103 2\/3 din totalul orelor atribuite pentru acest program.<\/p>\n<p><img loading=\"lazy\" decoding=\"async\" class=\"size-full wp-image-707 aligncenter\" src=\"http:\/\/www.icai.ro\/wp-content\/uploads\/2020\/11\/structura_program.jpg\" alt=\"\" width=\"395\" height=\"295\" \/><\/p>\n<p><strong>\u00a0<\/strong><\/p>\n<p><strong>FORMA, DURATA \u0218I MODALITATEA DE PREG\u0102TIRE <\/strong><\/p>\n<p>Preg\u0103tirea va avea loc \u00een <strong>format online<\/strong> utiliz\u00e2nd at\u00e2t modalit\u0103\u021bi sincrone directe, c\u00e2t \u0219i modalit\u0103\u021bile asincrone. <strong>Modalitatea sincron\u0103<\/strong> (MS) direct\u0103 presupune c\u0103 formatorul \u0219i cursan\u021bii se vor conecta online prin Zoom pentru preg\u0103tire teoretic\u0103 \u0219i pentru preg\u0103tirea practic\u0103. <strong>Modalitatea asincron\u0103<\/strong> (MA) presupune c\u0103 participantul la curs va lucra \u00een mod independent pe platforma Moodle, sub \u00eendrumarea formatorului, at\u00e2t pentru aprofundarea cuno\u0219tin\u021belor teoretice (SI &#8211; studiu individual), c\u00e2t \u0219i pentru realizarea anumite activit\u0103\u021bi practice (P). Intercalarea celor dou\u0103 modalit\u0103\u021bi \u00een structura cursului confer\u0103 cursan\u021bilor posibilitatea de a experimenta \u00een mod personal \u0219i direct \u00eenv\u0103\u021barea la distan\u021b\u0103 \u00een diferitele sale forme.<\/p>\n<table>\n<tbody>\n<tr>\n<td style=\"background-color: #008000;\" colspan=\"2\" width=\"258\"><span style=\"color: #000000;\">PREG\u0102TIREA TEORETIC\u0102<\/span><\/td>\n<td style=\"background-color: #3392ff;\" colspan=\"2\" width=\"343\"><span style=\"color: #000000;\">PREG\u0102TIREA PRACTIC\u0102<\/span><\/td>\n<\/tr>\n<tr>\n<td width=\"126\">Curs Online<\/p>\n<p>11 ore<\/td>\n<td width=\"132\">Studiu Individual<\/p>\n<p>9 ore<\/td>\n<td width=\"168\">Activit\u0103\u021bi Aplicative Asistate (AA)<\/p>\n<p>15 ore<\/td>\n<td width=\"175\">Proiect Practic (P)<\/p>\n<p>25 ore<\/td>\n<\/tr>\n<\/tbody>\n<\/table>\n<p>Programul se va desf\u0103\u0219ura pe o perioad\u0103 3-44 s\u0103pt\u0103m\u00e2ni prin alternarea \u00eent\u00e2lnirilor online directe \u0219i cu activit\u0103\u021bi independente desf\u0103\u0219urate pe platform\u0103.<\/p>\n<p><strong>CALENDAR<\/strong><\/p>\n<ul>\n<li>\u00censcrieri: 06.04.2021 \u2013 22.04.2021<\/li>\n<li>Deschiderea oficial\u0103: 26 Aprilie 2021<\/li>\n<\/ul>\n<p><strong>\u00ceNSCRIERE <\/strong><\/p>\n<ol>\n<li>Completare Formular de \u00eenscriere &#8211; <a href=\"https:\/\/forms.gle\/svMRDSerP8uAxnDQ9\" target=\"_blank\" rel=\"noopener noreferrer\">https:\/\/forms.gle\/svMRDSerP8uAxnDQ9<\/a><\/li>\n<li><a href=\"http:\/\/www.icai.ro\/wp-content\/uploads\/2020\/11\/Declaratie_Cursant.doc\" target=\"_blank\" rel=\"noopener noreferrer\">Declara\u021bie Cursant Format Online<\/a> \u2013 se va tip\u0103ri, completa, scana \u0219i trimite prin email<\/li>\n<li>Documente necesare pentru \u00eenscriere:<\/li>\n<\/ol>\n<ul>\n<li>copie buletin\/ carte de identitate<\/li>\n<li>copie certificat de na\u0219tere<\/li>\n<li>copie diplom\u0103 de licen\u021b\u0103 sau adeverin\u021b\u0103<\/li>\n<li>documentul doveditor al schimb\u0103rii numelui (dac\u0103 este cazul)<\/li>\n<\/ul>\n<ol start=\"5\">\n<li><a href=\"http:\/\/www.icai.ro\/wp-content\/uploads\/2020\/11\/Declaratie_DGPR.doc\" target=\"_blank\" rel=\"noopener noreferrer\">Declara\u021bie-Acord Pentru Prelucrarea Datelor Cu Caracter Personal<\/a> &#8211; <em>se va tip\u0103ri, completa, scana \u0219i trimite prin email <\/em><\/li>\n<li>Achitare tax\u0103 program de studiu<\/li>\n<\/ol>\n<p><strong><em>*<\/em><\/strong> Documentele scanate se vor trimite prin email la <a href=\"mailto:icai@aosr.ro\">icai@aosr.ro<\/a><\/p>\n<p><strong>COSTURI <\/strong><\/p>\n<p>Taxa pentru curs este de <strong>750 lei\/participant <\/strong>\u0219i include costurile pentru instruire, administrare, c\u00e2t \u0219i pentru materialele de curs. Nu se percep sume suplimentare pentru examen sau pentru eliberarea certificatului de absolvire.<\/p>\n<p><strong>Taxa pentru curs se poate achita astfel: <\/strong><\/p>\n<ul>\n<li>prin transfer bancar, \u00een contul deschis la Trezoreria Statului Sector 5 nr. RO34TREZ70520F330800XXXX &#8211; cu descrierea &#8222;C\/val program de specializare&#8221;<\/li>\n<li>cu chitan\u021b\u0103, la sediul Institutului din Str. Ilfov nr. 3, sector 5, Bucure\u0219ti.<\/li>\n<\/ul>\n<p>Denumirea institu\u021biei:\u00a0Institutul\u00a0de Cercet\u0103ri\u00a0Avansate Interdisciplinare &#8222;Constantin Angelescu&#8221;.<\/p>\n<p>Codul de identificare fiscal\u0103 este:\u00a038655083.<\/p>\n<p>Cursul se poate pl\u0103ti integral sau \u00een dou\u0103 rate, 350 lei la \u00eenscriere \u0219i 400 \u00eenainte de examinare<\/p>\n<p>Ordinul de plata se trimite prin email la adresa <a href=\"mailto:icai@aosr.ro\">icai@aosr.ro<\/a><\/p>\n<p><strong>EXAMEN FINAL COMPETEN\u021aE \u0218I CERTIFICAT ABSOLVIRE <\/strong><\/p>\n<p>Examenul pentru finalizarea cursului se va sus\u021bine online la data fixate de comisia de examen.<\/p>\n<p>La finalul cursului absolventul va primi o diplom\u0103 emis\u0103 de Ministerul Muncii \u0219i Justi\u021biei Sociale \u0219i de Ministerul Educa\u021biei Na\u021bionale, aceasta fiind recunoscut\u0103 \u0219i la nivel european.<\/p>\n<p><img loading=\"lazy\" decoding=\"async\" class=\"size-full wp-image-697 aligncenter\" src=\"http:\/\/www.icai.ro\/wp-content\/uploads\/2020\/11\/certificat_absolvire.jpg\" alt=\"\" width=\"941\" height=\"554\" \/><\/p>\n","protected":false},"excerpt":{"rendered":"<p>PROGRAM SPECIALIZARE Dezvoltator de E-Learning \u00a0Institutul de Cercet\u0103ri Avansate Interdisciplinare subordonat Academiei Oamenilor de \u0218tiin\u021b\u0103 din Rom\u00e2nia este organizatorul programului de specializare pentru ocupa\u021bia Dezvoltator de E-learning, program autorizat de Comisia de Autorizare a Furnizorilor de Formare Profesional\u0103 a Adul\u021bilor a Municipiului Bucure\u015fti (Autoriza\u021bie \u2013 seria B nr. 0012732). Dezvoltatorul de e-learning este un specialist [&hellip;]<\/p>\n","protected":false},"author":1,"featured_media":0,"parent":0,"menu_order":0,"comment_status":"closed","ping_status":"closed","template":"","meta":{"footnotes":""},"class_list":["post-260","page","type-page","status-publish","hentry"],"_links":{"self":[{"href":"http:\/\/www.icai.ro\/index.php?rest_route=\/wp\/v2\/pages\/260","targetHints":{"allow":["GET"]}}],"collection":[{"href":"http:\/\/www.icai.ro\/index.php?rest_route=\/wp\/v2\/pages"}],"about":[{"href":"http:\/\/www.icai.ro\/index.php?rest_route=\/wp\/v2\/types\/page"}],"author":[{"embeddable":true,"href":"http:\/\/www.icai.ro\/index.php?rest_route=\/wp\/v2\/users\/1"}],"replies":[{"embeddable":true,"href":"http:\/\/www.icai.ro\/index.php?rest_route=%2Fwp%2Fv2%2Fcomments&post=260"}],"version-history":[{"count":31,"href":"http:\/\/www.icai.ro\/index.php?rest_route=\/wp\/v2\/pages\/260\/revisions"}],"predecessor-version":[{"id":754,"href":"http:\/\/www.icai.ro\/index.php?rest_route=\/wp\/v2\/pages\/260\/revisions\/754"}],"wp:attachment":[{"href":"http:\/\/www.icai.ro\/index.php?rest_route=%2Fwp%2Fv2%2Fmedia&parent=260"}],"curies":[{"name":"wp","href":"https:\/\/api.w.org\/{rel}","templated":true}]}}